{"id":899,"date":"2024-05-20T07:54:57","date_gmt":"2024-05-20T07:54:57","guid":{"rendered":"https:\/\/demosites.royal-elementor-addons.com\/graphic-nature-v1\/?page_id=10"},"modified":"2025-11-14T21:57:35","modified_gmt":"2025-11-14T21:57:35","slug":"contact","status":"publish","type":"page","link":"https:\/\/aurora-mentis.fr\/index.php\/contact\/","title":{"rendered":"Contact"},"content":{"rendered":"\t\t<div data-elementor-type=\"wp-page\" data-elementor-id=\"899\" class=\"elementor elementor-899\">\n\t\t\t\t<div class=\"elementor-element elementor-element-cc177e8 e-flex e-con-boxed wpr-particle-no wpr-jarallax-no wpr-parallax-no wpr-sticky-section-no wpr-equal-height-no e-con e-parent\" data-id=\"cc177e8\" data-element_type=\"container\" data-e-type=\"container\" data-settings=\"{&quot;background_background&quot;:&quot;classic&quot;}\">\n\t\t\t\t\t<div class=\"e-con-inner\">\n\t\t\t\t<div class=\"elementor-element elementor-element-3ae0b53 elementor-widget elementor-widget-heading\" data-id=\"3ae0b53\" data-element_type=\"widget\" data-e-type=\"widget\" data-widget_type=\"heading.default\">\n\t\t\t\t\t<h2 class=\"elementor-heading-title elementor-size-default\"><br><br><br><br>Contact<\/h2>\t\t\t\t<\/div>\n\t\t\t\t\t<\/div>\n\t\t\t\t<\/div>\n\t\t<div class=\"elementor-element elementor-element-75a8387 e-flex e-con-boxed wpr-particle-no wpr-jarallax-no wpr-parallax-no wpr-sticky-section-no wpr-equal-height-no e-con e-parent\" data-id=\"75a8387\" data-element_type=\"container\" data-e-type=\"container\">\n\t\t\t\t\t<div class=\"e-con-inner\">\n\t\t\t\t<div class=\"elementor-element elementor-element-3a77c11 elementor-invisible elementor-widget elementor-widget-heading\" data-id=\"3a77c11\" data-element_type=\"widget\" data-e-type=\"widget\" data-settings=\"{&quot;_animation&quot;:&quot;slideInLeft&quot;}\" data-widget_type=\"heading.default\">\n\t\t\t\t\t<h2 class=\"elementor-heading-title elementor-size-default\">Une question ? Un projet ?<\/h2>\t\t\t\t<\/div>\n\t\t<div class=\"elementor-element elementor-element-2043f57 e-con-full e-flex wpr-particle-no wpr-jarallax-no wpr-parallax-no wpr-sticky-section-no wpr-equal-height-no elementor-invisible e-con e-child\" data-id=\"2043f57\" data-element_type=\"container\" data-e-type=\"container\" data-settings=\"{&quot;animation&quot;:&quot;slideInLeft&quot;}\">\n\t\t\t\t<div class=\"elementor-element elementor-element-985b4e7 elementor-widget elementor-widget-text-editor\" data-id=\"985b4e7\" data-element_type=\"widget\" data-e-type=\"widget\" data-widget_type=\"text-editor.default\">\n\t\t\t\t\t\t\t\t\t<p data-start=\"2761\" data-end=\"3009\">Besoin d\u2019un accompagnement pour un m\u00e9moire DEC, une soutenance, un oral \u00e0 fort enjeu ou un dossier de qualification Ma\u00eetre de conf\u00e9rences ?<br data-start=\"2900\" data-end=\"2903\" \/>Je vous r\u00e9pondrai avec confidentialit\u00e9 et attention afin d\u2019identifier ensemble la formule la plus adapt\u00e9e.<\/p><p data-start=\"3011\" data-end=\"3044\"><strong data-start=\"3011\" data-end=\"3042\">Domaines d\u2019accompagnement :<\/strong><\/p><ul data-start=\"3045\" data-end=\"3264\"><li data-start=\"3045\" data-end=\"3092\"><p data-start=\"3047\" data-end=\"3092\">M\u00e9moire DEC &amp; travaux acad\u00e9miques exigeants (th\u00e8se professionnelle ou acad\u00e9mique)<\/p><\/li><li data-start=\"3093\" data-end=\"3147\"><p data-start=\"3095\" data-end=\"3147\">Pr\u00e9paration d\u2019oraux (concours INSP, entretien de s\u00e9lection, soutenances, auditions)<\/p><\/li><li data-start=\"3148\" data-end=\"3212\"><p data-start=\"3150\" data-end=\"3212\">Dossiers de qualification MCF (ma\u00eetre de conf\u00e9rences), VAE (valorisation des acquis de l&rsquo;exp\u00e9rience)<\/p><\/li><li data-start=\"3213\" data-end=\"3264\"><p data-start=\"3215\" data-end=\"3264\">Structuration des id\u00e9es &amp; posture professionnelle<\/p><\/li><\/ul><p data-start=\"3437\" data-end=\"3470\"><strong data-start=\"3011\" data-end=\"3042\">Engagement \u00e9thique :<\/strong><\/p><p data-start=\"926\" data-end=\"1074\">Par souci d\u2019\u00e9thique et de transparence, <strong>je n\u2019accompagne pas les \u00e9tudiants actuellement inscrits au CNAM<\/strong>, o\u00f9 j\u2019exerce comme ma\u00eetre de conf\u00e9rences.<\/p><p data-start=\"1081\" data-end=\"1189\">Cette r\u00e8gle permet de pr\u00e9server la clart\u00e9 des r\u00f4les et l\u2019ind\u00e9pendance de chaque d\u00e9marche d\u2019accompagnement.<\/p><p data-start=\"3437\" data-end=\"3470\">\u00a0<\/p>\t\t\t\t\t\t\t\t<\/div>\n\t\t\t\t<\/div>\n\t\t<div class=\"elementor-element elementor-element-2cd10c9 e-con-full e-flex wpr-particle-no wpr-jarallax-no wpr-parallax-no wpr-sticky-section-no wpr-equal-height-no e-con e-child\" data-id=\"2cd10c9\" data-element_type=\"container\" data-e-type=\"container\">\n\t\t\t\t<div class=\"elementor-element elementor-element-a3502dc elementor-invisible elementor-widget elementor-widget-image\" data-id=\"a3502dc\" data-element_type=\"widget\" data-e-type=\"widget\" data-settings=\"{&quot;_animation&quot;:&quot;slideInRight&quot;}\" data-widget_type=\"image.default\">\n\t\t\t\t\t\t\t\t\t\t\t\t\t\t\t<img fetchpriority=\"high\" decoding=\"async\" width=\"960\" height=\"960\" src=\"https:\/\/aurora-mentis.fr\/wp-content\/uploads\/2025\/11\/Sans-titre49.png\" class=\"attachment-large size-large wp-image-951\" alt=\"\" srcset=\"https:\/\/aurora-mentis.fr\/wp-content\/uploads\/2025\/11\/Sans-titre49.png 1024w, https:\/\/aurora-mentis.fr\/wp-content\/uploads\/2025\/11\/Sans-titre49-300x300.png 300w, https:\/\/aurora-mentis.fr\/wp-content\/uploads\/2025\/11\/Sans-titre49-150x150.png 150w, https:\/\/aurora-mentis.fr\/wp-content\/uploads\/2025\/11\/Sans-titre49-768x768.png 768w\" sizes=\"(max-width: 960px) 100vw, 960px\" \/>\t\t\t\t\t\t\t\t\t\t\t\t\t\t\t<\/div>\n\t\t\t\t<\/div>\n\t\t\t\t\t<\/div>\n\t\t\t\t<\/div>\n\t\t<div class=\"elementor-element elementor-element-773dbc6 e-flex e-con-boxed wpr-particle-no wpr-jarallax-no wpr-parallax-no wpr-sticky-section-no wpr-equal-height-no elementor-invisible e-con e-parent\" data-id=\"773dbc6\" data-element_type=\"container\" data-e-type=\"container\" data-settings=\"{&quot;animation&quot;:&quot;slideInUp&quot;}\">\n\t\t\t\t\t<div class=\"e-con-inner\">\n\t\t<div class=\"elementor-element elementor-element-994616b e-con-full e-flex wpr-particle-no wpr-jarallax-no wpr-parallax-no wpr-sticky-section-no wpr-equal-height-no e-con e-child\" data-id=\"994616b\" data-element_type=\"container\" data-e-type=\"container\">\n\t\t\t\t<div class=\"elementor-element elementor-element-10c89e7 elementor-widget elementor-widget-text-editor\" data-id=\"10c89e7\" data-element_type=\"widget\" data-e-type=\"widget\" data-widget_type=\"text-editor.default\">\n\t\t\t\t\t\t\t\t\t<p data-start=\"3266\" data-end=\"3320\"><strong data-start=\"3266\" data-end=\"3298\">Pour faciliter votre demande, merci d\u2019indiquer :<\/strong><\/p><ul data-start=\"3321\" data-end=\"3435\"><li data-start=\"3321\" data-end=\"3340\"><p data-start=\"3323\" data-end=\"3340\"><strong>votre objectif<\/strong>,<\/p><\/li><li data-start=\"3341\" data-end=\"3381\"><p data-start=\"3343\" data-end=\"3381\"><strong>votre \u00e9ch\u00e9ance<\/strong> (soutenance, d\u00e9p\u00f4t\u2026),<\/p><\/li><li data-start=\"3382\" data-end=\"3435\"><p data-start=\"3384\" data-end=\"3435\"><strong>votre parcours<\/strong> (\u00e9tudes, institution, minist\u00e8re\u2026)<\/p><\/li><li data-start=\"3382\" data-end=\"3435\"><p data-start=\"3384\" data-end=\"3435\"><strong data-start=\"413\" data-end=\"450\">votre \u00e9tablissement d\u2019inscription<\/strong>, afin de v\u00e9rifier que votre demande est compatible avec mon engagement \u00e9thique et mes \u00e9ventuelles obligations d\u2019enseignement..<\/p><\/li><\/ul><p data-start=\"3437\" data-end=\"3470\">Je reviens vers vous sous 24\u201348h.<\/p>\t\t\t\t\t\t\t\t<\/div>\n\t\t\t\t<\/div>\n\t\t<div class=\"elementor-element elementor-element-7601467 e-con-full e-flex wpr-particle-no wpr-jarallax-no wpr-parallax-no wpr-sticky-section-no wpr-equal-height-no e-con e-child\" data-id=\"7601467\" data-element_type=\"container\" data-e-type=\"container\">\n\t\t\t\t<div class=\"elementor-element elementor-element-584548c elementor-view-stacked elementor-position-inline-start elementor-shape-circle elementor-mobile-position-block-start elementor-widget elementor-widget-icon-box\" data-id=\"584548c\" data-element_type=\"widget\" data-e-type=\"widget\" data-widget_type=\"icon-box.default\">\n\t\t\t\t\t\t\t<div class=\"elementor-icon-box-wrapper\">\n\n\t\t\t\t\t\t<div class=\"elementor-icon-box-icon\">\n\t\t\t\t<span  class=\"elementor-icon\">\n\t\t\t\t<svg aria-hidden=\"true\" class=\"e-font-icon-svg e-fas-map-marker-alt\" viewBox=\"0 0 384 512\" xmlns=\"http:\/\/www.w3.org\/2000\/svg\"><path d=\"M172.268 501.67C26.97 291.031 0 269.413 0 192 0 85.961 85.961 0 192 0s192 85.961 192 192c0 77.413-26.97 99.031-172.268 309.67-9.535 13.774-29.93 13.773-39.464 0zM192 272c44.183 0 80-35.817 80-80s-35.817-80-80-80-80 35.817-80 80 35.817 80 80 80z\"><\/path><\/svg>\t\t\t\t<\/span>\n\t\t\t<\/div>\n\t\t\t\n\t\t\t\t\t\t<div class=\"elementor-icon-box-content\">\n\n\t\t\t\t\t\t\t\t\t<h3 class=\"elementor-icon-box-title\">\n\t\t\t\t\t\t<span  >\n\t\t\t\t\t\t\tParis\t\t\t\t\t\t<\/span>\n\t\t\t\t\t<\/h3>\n\t\t\t\t\n\t\t\t\t\t\t\t\t\t<p class=\"elementor-icon-box-description\">\n\t\t\t\t\t\tR\u00e9gion parisienne<br><br>\n\t\t\t\t\t<\/p>\n\t\t\t\t\n\t\t\t<\/div>\n\t\t\t\n\t\t<\/div>\n\t\t\t\t\t\t<\/div>\n\t\t\t\t<div class=\"elementor-element elementor-element-12786e0 elementor-view-stacked elementor-position-inline-start elementor-shape-circle elementor-mobile-position-block-start elementor-widget elementor-widget-icon-box\" data-id=\"12786e0\" data-element_type=\"widget\" data-e-type=\"widget\" data-widget_type=\"icon-box.default\">\n\t\t\t\t\t\t\t<div class=\"elementor-icon-box-wrapper\">\n\n\t\t\t\t\t\t<div class=\"elementor-icon-box-icon\">\n\t\t\t\t<a href=\"mailto:laurence.morgana@aurora-mentis.fr\" class=\"elementor-icon\" tabindex=\"-1\" aria-label=\"Mail\">\n\t\t\t\t<svg aria-hidden=\"true\" class=\"e-font-icon-svg e-fas-envelope\" viewBox=\"0 0 512 512\" xmlns=\"http:\/\/www.w3.org\/2000\/svg\"><path d=\"M502.3 190.8c3.9-3.1 9.7-.2 9.7 4.7V400c0 26.5-21.5 48-48 48H48c-26.5 0-48-21.5-48-48V195.6c0-5 5.7-7.8 9.7-4.7 22.4 17.4 52.1 39.5 154.1 113.6 21.1 15.4 56.7 47.8 92.2 47.6 35.7.3 72-32.8 92.3-47.6 102-74.1 131.6-96.3 154-113.7zM256 320c23.2.4 56.6-29.2 73.4-41.4 132.7-96.3 142.8-104.7 173.4-128.7 5.8-4.5 9.2-11.5 9.2-18.9v-19c0-26.5-21.5-48-48-48H48C21.5 64 0 85.5 0 112v19c0 7.4 3.4 14.3 9.2 18.9 30.6 23.9 40.7 32.4 173.4 128.7 16.8 12.2 50.2 41.8 73.4 41.4z\"><\/path><\/svg>\t\t\t\t<\/a>\n\t\t\t<\/div>\n\t\t\t\n\t\t\t\t\t\t<div class=\"elementor-icon-box-content\">\n\n\t\t\t\t\t\t\t\t\t<h3 class=\"elementor-icon-box-title\">\n\t\t\t\t\t\t<a href=\"mailto:laurence.morgana@aurora-mentis.fr\" >\n\t\t\t\t\t\t\tMail\t\t\t\t\t\t<\/a>\n\t\t\t\t\t<\/h3>\n\t\t\t\t\n\t\t\t\t\t\t\t\t\t<p class=\"elementor-icon-box-description\">\n\t\t\t\t\t\t<a href=\"mailto:aurence.morgana@aurora-mentis.fr\" class=\"btn btn-primary\">laurence.morgana@aurora-mentis.fr<\/a>\n<br>Accompagnement confidentiel et personnalis\u00e9\t\t\t\t\t<\/p>\n\t\t\t\t\n\t\t\t<\/div>\n\t\t\t\n\t\t<\/div>\n\t\t\t\t\t\t<\/div>\n\t\t\t\t<\/div>\n\t\t\t\t\t<\/div>\n\t\t\t\t<\/div>\n\t\t\t\t<\/div>\n\t\t","protected":false},"excerpt":{"rendered":"<p>Contact Une question ? Un projet ? Besoin d\u2019un accompagnement pour un m\u00e9moire DEC, une soutenance, un oral \u00e0 fort enjeu ou un dossier de qualification Ma\u00eetre de conf\u00e9rences ?Je vous r\u00e9pondrai avec confidentialit\u00e9 et attention afin d\u2019identifier ensemble la formule la plus adapt\u00e9e. Domaines d\u2019accompagnement : M\u00e9moire DEC &amp; travaux acad\u00e9miques exigeants (th\u00e8se professionnelle ou acad\u00e9mique) Pr\u00e9paration d\u2019oraux (concours INSP, entretien de s\u00e9lection, soutenances, auditions) Dossiers de qualification MCF (ma\u00eetre de conf\u00e9rences), VAE (valorisation des acquis de l&rsquo;exp\u00e9rience) Structuration des id\u00e9es &amp; posture professionnelle Engagement \u00e9thique : Par souci d\u2019\u00e9thique et de transparence, je n\u2019accompagne pas les \u00e9tudiants actuellement inscrits au CNAM, o\u00f9 j\u2019exerce comme ma\u00eetre de conf\u00e9rences. Cette r\u00e8gle permet de pr\u00e9server la clart\u00e9 des r\u00f4les et l\u2019ind\u00e9pendance de chaque d\u00e9marche d\u2019accompagnement. \u00a0 Pour faciliter votre demande, merci d\u2019indiquer : votre objectif, votre \u00e9ch\u00e9ance (soutenance, d\u00e9p\u00f4t\u2026), votre parcours (\u00e9tudes, institution, minist\u00e8re\u2026) votre \u00e9tablissement d\u2019inscription, afin de v\u00e9rifier que votre demande est compatible avec mon engagement \u00e9thique et mes \u00e9ventuelles obligations d\u2019enseignement.. Je reviens vers vous sous 24\u201348h. Paris R\u00e9gion parisienne Mail laurence.morgana@aurora-mentis.fr Accompagnement confidentiel et personnalis\u00e9<\/p>\n","protected":false},"author":1,"featured_media":0,"parent":0,"menu_order":0,"comment_status":"closed","ping_status":"closed","template":"elementor_canvas","meta":{"footnotes":""},"class_list":["post-899","page","type-page","status-publish","hentry"],"yoast_head":"<!-- This site is optimized with the Yoast SEO plugin v27.5 - https:\/\/yoast.com\/product\/yoast-seo-wordpress\/ -->\n<title>Contact - Aurora Mentis<\/title>\n<meta name=\"robots\" content=\"index, follow, max-snippet:-1, max-image-preview:large, max-video-preview:-1\" \/>\n<link rel=\"canonical\" href=\"https:\/\/aurora-mentis.fr\/index.php\/contact\/\" \/>\n<meta property=\"og:locale\" content=\"fr_FR\" \/>\n<meta property=\"og:type\" content=\"article\" \/>\n<meta property=\"og:title\" content=\"Contact - Aurora Mentis\" \/>\n<meta property=\"og:description\" content=\"Contact Une question ? Un projet ? Besoin d\u2019un accompagnement pour un m\u00e9moire DEC, une soutenance, un oral \u00e0 fort enjeu ou un dossier de qualification Ma\u00eetre de conf\u00e9rences ?Je vous r\u00e9pondrai avec confidentialit\u00e9 et attention afin d\u2019identifier ensemble la formule la plus adapt\u00e9e. Domaines d\u2019accompagnement : M\u00e9moire DEC &amp; travaux acad\u00e9miques exigeants (th\u00e8se professionnelle ou acad\u00e9mique) Pr\u00e9paration d\u2019oraux (concours INSP, entretien de s\u00e9lection, soutenances, auditions) Dossiers de qualification MCF (ma\u00eetre de conf\u00e9rences), VAE (valorisation des acquis de l&rsquo;exp\u00e9rience) Structuration des id\u00e9es &amp; posture professionnelle Engagement \u00e9thique : Par souci d\u2019\u00e9thique et de transparence, je n\u2019accompagne pas les \u00e9tudiants actuellement inscrits au CNAM, o\u00f9 j\u2019exerce comme ma\u00eetre de conf\u00e9rences. Cette r\u00e8gle permet de pr\u00e9server la clart\u00e9 des r\u00f4les et l\u2019ind\u00e9pendance de chaque d\u00e9marche d\u2019accompagnement. \u00a0 Pour faciliter votre demande, merci d\u2019indiquer : votre objectif, votre \u00e9ch\u00e9ance (soutenance, d\u00e9p\u00f4t\u2026), votre parcours (\u00e9tudes, institution, minist\u00e8re\u2026) votre \u00e9tablissement d\u2019inscription, afin de v\u00e9rifier que votre demande est compatible avec mon engagement \u00e9thique et mes \u00e9ventuelles obligations d\u2019enseignement.. Je reviens vers vous sous 24\u201348h. Paris R\u00e9gion parisienne Mail laurence.morgana@aurora-mentis.fr Accompagnement confidentiel et personnalis\u00e9\" \/>\n<meta property=\"og:url\" content=\"https:\/\/aurora-mentis.fr\/index.php\/contact\/\" \/>\n<meta property=\"og:site_name\" content=\"Aurora Mentis\" \/>\n<meta property=\"article:modified_time\" content=\"2025-11-14T21:57:35+00:00\" \/>\n<meta property=\"og:image\" content=\"http:\/\/aurora-mentis.fr\/wp-content\/uploads\/2025\/11\/Sans-titre49.png\" \/>\n<meta name=\"twitter:card\" content=\"summary_large_image\" \/>\n<meta name=\"twitter:label1\" content=\"Dur\u00e9e de lecture estim\u00e9e\" \/>\n\t<meta name=\"twitter:data1\" content=\"1 minute\" \/>\n<script type=\"application\/ld+json\" class=\"yoast-schema-graph\">{\"@context\":\"https:\\\/\\\/schema.org\",\"@graph\":[{\"@type\":\"WebPage\",\"@id\":\"https:\\\/\\\/aurora-mentis.fr\\\/index.php\\\/contact\\\/\",\"url\":\"https:\\\/\\\/aurora-mentis.fr\\\/index.php\\\/contact\\\/\",\"name\":\"Contact - Aurora Mentis\",\"isPartOf\":{\"@id\":\"https:\\\/\\\/aurora-mentis.fr\\\/#website\"},\"primaryImageOfPage\":{\"@id\":\"https:\\\/\\\/aurora-mentis.fr\\\/index.php\\\/contact\\\/#primaryimage\"},\"image\":{\"@id\":\"https:\\\/\\\/aurora-mentis.fr\\\/index.php\\\/contact\\\/#primaryimage\"},\"thumbnailUrl\":\"http:\\\/\\\/aurora-mentis.fr\\\/wp-content\\\/uploads\\\/2025\\\/11\\\/Sans-titre49.png\",\"datePublished\":\"2024-05-20T07:54:57+00:00\",\"dateModified\":\"2025-11-14T21:57:35+00:00\",\"breadcrumb\":{\"@id\":\"https:\\\/\\\/aurora-mentis.fr\\\/index.php\\\/contact\\\/#breadcrumb\"},\"inLanguage\":\"fr-FR\",\"potentialAction\":[{\"@type\":\"ReadAction\",\"target\":[\"https:\\\/\\\/aurora-mentis.fr\\\/index.php\\\/contact\\\/\"]}]},{\"@type\":\"ImageObject\",\"inLanguage\":\"fr-FR\",\"@id\":\"https:\\\/\\\/aurora-mentis.fr\\\/index.php\\\/contact\\\/#primaryimage\",\"url\":\"http:\\\/\\\/aurora-mentis.fr\\\/wp-content\\\/uploads\\\/2025\\\/11\\\/Sans-titre49.png\",\"contentUrl\":\"http:\\\/\\\/aurora-mentis.fr\\\/wp-content\\\/uploads\\\/2025\\\/11\\\/Sans-titre49.png\"},{\"@type\":\"BreadcrumbList\",\"@id\":\"https:\\\/\\\/aurora-mentis.fr\\\/index.php\\\/contact\\\/#breadcrumb\",\"itemListElement\":[{\"@type\":\"ListItem\",\"position\":1,\"name\":\"Home\",\"item\":\"https:\\\/\\\/aurora-mentis.fr\\\/\"},{\"@type\":\"ListItem\",\"position\":2,\"name\":\"Contact\"}]},{\"@type\":\"WebSite\",\"@id\":\"https:\\\/\\\/aurora-mentis.fr\\\/#website\",\"url\":\"https:\\\/\\\/aurora-mentis.fr\\\/\",\"name\":\"Aurora Mentis\",\"description\":\"\",\"publisher\":{\"@id\":\"https:\\\/\\\/aurora-mentis.fr\\\/#organization\"},\"potentialAction\":[{\"@type\":\"SearchAction\",\"target\":{\"@type\":\"EntryPoint\",\"urlTemplate\":\"https:\\\/\\\/aurora-mentis.fr\\\/?s={search_term_string}\"},\"query-input\":{\"@type\":\"PropertyValueSpecification\",\"valueRequired\":true,\"valueName\":\"search_term_string\"}}],\"inLanguage\":\"fr-FR\"},{\"@type\":\"Organization\",\"@id\":\"https:\\\/\\\/aurora-mentis.fr\\\/#organization\",\"name\":\"Aurora Mentis\",\"url\":\"https:\\\/\\\/aurora-mentis.fr\\\/\",\"logo\":{\"@type\":\"ImageObject\",\"inLanguage\":\"fr-FR\",\"@id\":\"https:\\\/\\\/aurora-mentis.fr\\\/#\\\/schema\\\/logo\\\/image\\\/\",\"url\":\"https:\\\/\\\/aurora-mentis.fr\\\/wp-content\\\/uploads\\\/2025\\\/11\\\/Sans-titre22.png\",\"contentUrl\":\"https:\\\/\\\/aurora-mentis.fr\\\/wp-content\\\/uploads\\\/2025\\\/11\\\/Sans-titre22.png\",\"width\":1024,\"height\":800,\"caption\":\"Aurora Mentis\"},\"image\":{\"@id\":\"https:\\\/\\\/aurora-mentis.fr\\\/#\\\/schema\\\/logo\\\/image\\\/\"}}]}<\/script>\n<!-- \/ Yoast SEO plugin. -->","yoast_head_json":{"title":"Contact - Aurora Mentis","robots":{"index":"index","follow":"follow","max-snippet":"max-snippet:-1","max-image-preview":"max-image-preview:large","max-video-preview":"max-video-preview:-1"},"canonical":"https:\/\/aurora-mentis.fr\/index.php\/contact\/","og_locale":"fr_FR","og_type":"article","og_title":"Contact - Aurora Mentis","og_description":"Contact Une question ? Un projet ? Besoin d\u2019un accompagnement pour un m\u00e9moire DEC, une soutenance, un oral \u00e0 fort enjeu ou un dossier de qualification Ma\u00eetre de conf\u00e9rences ?Je vous r\u00e9pondrai avec confidentialit\u00e9 et attention afin d\u2019identifier ensemble la formule la plus adapt\u00e9e. Domaines d\u2019accompagnement : M\u00e9moire DEC &amp; travaux acad\u00e9miques exigeants (th\u00e8se professionnelle ou acad\u00e9mique) Pr\u00e9paration d\u2019oraux (concours INSP, entretien de s\u00e9lection, soutenances, auditions) Dossiers de qualification MCF (ma\u00eetre de conf\u00e9rences), VAE (valorisation des acquis de l&rsquo;exp\u00e9rience) Structuration des id\u00e9es &amp; posture professionnelle Engagement \u00e9thique : Par souci d\u2019\u00e9thique et de transparence, je n\u2019accompagne pas les \u00e9tudiants actuellement inscrits au CNAM, o\u00f9 j\u2019exerce comme ma\u00eetre de conf\u00e9rences. Cette r\u00e8gle permet de pr\u00e9server la clart\u00e9 des r\u00f4les et l\u2019ind\u00e9pendance de chaque d\u00e9marche d\u2019accompagnement. \u00a0 Pour faciliter votre demande, merci d\u2019indiquer : votre objectif, votre \u00e9ch\u00e9ance (soutenance, d\u00e9p\u00f4t\u2026), votre parcours (\u00e9tudes, institution, minist\u00e8re\u2026) votre \u00e9tablissement d\u2019inscription, afin de v\u00e9rifier que votre demande est compatible avec mon engagement \u00e9thique et mes \u00e9ventuelles obligations d\u2019enseignement.. Je reviens vers vous sous 24\u201348h. Paris R\u00e9gion parisienne Mail laurence.morgana@aurora-mentis.fr Accompagnement confidentiel et personnalis\u00e9","og_url":"https:\/\/aurora-mentis.fr\/index.php\/contact\/","og_site_name":"Aurora Mentis","article_modified_time":"2025-11-14T21:57:35+00:00","og_image":[{"url":"http:\/\/aurora-mentis.fr\/wp-content\/uploads\/2025\/11\/Sans-titre49.png","type":"","width":"","height":""}],"twitter_card":"summary_large_image","twitter_misc":{"Dur\u00e9e de lecture estim\u00e9e":"1 minute"},"schema":{"@context":"https:\/\/schema.org","@graph":[{"@type":"WebPage","@id":"https:\/\/aurora-mentis.fr\/index.php\/contact\/","url":"https:\/\/aurora-mentis.fr\/index.php\/contact\/","name":"Contact - Aurora Mentis","isPartOf":{"@id":"https:\/\/aurora-mentis.fr\/#website"},"primaryImageOfPage":{"@id":"https:\/\/aurora-mentis.fr\/index.php\/contact\/#primaryimage"},"image":{"@id":"https:\/\/aurora-mentis.fr\/index.php\/contact\/#primaryimage"},"thumbnailUrl":"http:\/\/aurora-mentis.fr\/wp-content\/uploads\/2025\/11\/Sans-titre49.png","datePublished":"2024-05-20T07:54:57+00:00","dateModified":"2025-11-14T21:57:35+00:00","breadcrumb":{"@id":"https:\/\/aurora-mentis.fr\/index.php\/contact\/#breadcrumb"},"inLanguage":"fr-FR","potentialAction":[{"@type":"ReadAction","target":["https:\/\/aurora-mentis.fr\/index.php\/contact\/"]}]},{"@type":"ImageObject","inLanguage":"fr-FR","@id":"https:\/\/aurora-mentis.fr\/index.php\/contact\/#primaryimage","url":"http:\/\/aurora-mentis.fr\/wp-content\/uploads\/2025\/11\/Sans-titre49.png","contentUrl":"http:\/\/aurora-mentis.fr\/wp-content\/uploads\/2025\/11\/Sans-titre49.png"},{"@type":"BreadcrumbList","@id":"https:\/\/aurora-mentis.fr\/index.php\/contact\/#breadcrumb","itemListElement":[{"@type":"ListItem","position":1,"name":"Home","item":"https:\/\/aurora-mentis.fr\/"},{"@type":"ListItem","position":2,"name":"Contact"}]},{"@type":"WebSite","@id":"https:\/\/aurora-mentis.fr\/#website","url":"https:\/\/aurora-mentis.fr\/","name":"Aurora Mentis","description":"","publisher":{"@id":"https:\/\/aurora-mentis.fr\/#organization"},"potentialAction":[{"@type":"SearchAction","target":{"@type":"EntryPoint","urlTemplate":"https:\/\/aurora-mentis.fr\/?s={search_term_string}"},"query-input":{"@type":"PropertyValueSpecification","valueRequired":true,"valueName":"search_term_string"}}],"inLanguage":"fr-FR"},{"@type":"Organization","@id":"https:\/\/aurora-mentis.fr\/#organization","name":"Aurora Mentis","url":"https:\/\/aurora-mentis.fr\/","logo":{"@type":"ImageObject","inLanguage":"fr-FR","@id":"https:\/\/aurora-mentis.fr\/#\/schema\/logo\/image\/","url":"https:\/\/aurora-mentis.fr\/wp-content\/uploads\/2025\/11\/Sans-titre22.png","contentUrl":"https:\/\/aurora-mentis.fr\/wp-content\/uploads\/2025\/11\/Sans-titre22.png","width":1024,"height":800,"caption":"Aurora Mentis"},"image":{"@id":"https:\/\/aurora-mentis.fr\/#\/schema\/logo\/image\/"}}]}},"_links":{"self":[{"href":"https:\/\/aurora-mentis.fr\/index.php\/wp-json\/wp\/v2\/pages\/899","targetHints":{"allow":["GET"]}}],"collection":[{"href":"https:\/\/aurora-mentis.fr\/index.php\/wp-json\/wp\/v2\/pages"}],"about":[{"href":"https:\/\/aurora-mentis.fr\/index.php\/wp-json\/wp\/v2\/types\/page"}],"author":[{"embeddable":true,"href":"https:\/\/aurora-mentis.fr\/index.php\/wp-json\/wp\/v2\/users\/1"}],"replies":[{"embeddable":true,"href":"https:\/\/aurora-mentis.fr\/index.php\/wp-json\/wp\/v2\/comments?post=899"}],"version-history":[{"count":87,"href":"https:\/\/aurora-mentis.fr\/index.php\/wp-json\/wp\/v2\/pages\/899\/revisions"}],"predecessor-version":[{"id":1259,"href":"https:\/\/aurora-mentis.fr\/index.php\/wp-json\/wp\/v2\/pages\/899\/revisions\/1259"}],"wp:attachment":[{"href":"https:\/\/aurora-mentis.fr\/index.php\/wp-json\/wp\/v2\/media?parent=899"}],"curies":[{"name":"wp","href":"https:\/\/api.w.org\/{rel}","templated":true}]}}