{"id":894,"date":"2024-05-20T07:54:36","date_gmt":"2024-05-20T07:54:36","guid":{"rendered":"https:\/\/demosites.royal-elementor-addons.com\/graphic-nature-v1\/?page_id=7"},"modified":"2026-05-02T23:10:12","modified_gmt":"2026-05-02T21:10:12","slug":"aurora-mentis","status":"publish","type":"page","link":"https:\/\/aurora-mentis.fr\/","title":{"rendered":"Aurora Mentis"},"content":{"rendered":"\t\t<div data-elementor-type=\"wp-page\" data-elementor-id=\"894\" class=\"elementor elementor-894\">\n\t\t\t\t<div class=\"elementor-element elementor-element-3083d6f e-flex e-con-boxed wpr-jarallax-no wpr-parallax-no wpr-sticky-section-no wpr-equal-height-no e-con e-parent\" data-id=\"3083d6f\" data-element_type=\"container\" data-e-type=\"container\" data-settings=\"{&quot;background_background&quot;:&quot;classic&quot;}\">\n\t\t\t\t\t<div class=\"e-con-inner\">\n\t\t\t\t<div class=\"elementor-element elementor-element-297221e wpr-fancy-text-slide wpr-advanced-text-style-animated wpr-animated-text-infinite-yes elementor-invisible elementor-widget elementor-widget-wpr-advanced-text\" data-id=\"297221e\" data-element_type=\"widget\" data-e-type=\"widget\" data-settings=\"{&quot;_animation&quot;:&quot;zoomIn&quot;,&quot;anim_loop&quot;:&quot;yes&quot;}\" data-widget_type=\"wpr-advanced-text.default\">\n\t\t\t\t\t\n\t\t<h1 class=\"wpr-advanced-text\">\n\n\t\t\t\t\t\n\t\t\t\t\t\t\t<span class=\"wpr-advanced-text-preffix\"><br>Aurora Mentis<br><\/span>\n\t\t\t\n\t\t<span class=\"wpr-anim-text wpr-anim-text-type-slide\" data-anim-duration=\"1000,2000\" data-anim-loop=\"yes\">\n\t\t\t<span class=\"wpr-anim-text-inner\">\n\t\t\t\t\t\t\t\t\t<b>Coaching individuel<\/b>\n\t\t\t\t\t\t\t\t\t<b>Pr\u00e9paration concours<\/b>\n\t\t\t\t\t\t\t\t\t<b>M\u00e9moire, th\u00e8se, DEC<\/b>\n\t\t\t\t\t\t\t<\/span>\n\t\t\t\t\t<\/span>\n\n\t\t\t\t\n\t\t<\/h1>\n\t\t\n\t\t\t\t\t\t<\/div>\n\t\t\t\t\t<\/div>\n\t\t\t\t<\/div>\n\t\t<div class=\"elementor-element elementor-element-8e397cb e-grid e-con-boxed wpr-particle-no wpr-jarallax-no wpr-parallax-no wpr-sticky-section-no wpr-equal-height-no e-con e-parent\" data-id=\"8e397cb\" data-element_type=\"container\" data-e-type=\"container\">\n\t\t\t\t\t<div class=\"e-con-inner\">\n\t\t\t\t<div class=\"elementor-element elementor-element-7466ea9 elementor-position-top elementor-invisible elementor-widget elementor-widget-image-box\" data-id=\"7466ea9\" data-element_type=\"widget\" data-e-type=\"widget\" data-settings=\"{&quot;_animation&quot;:&quot;zoomIn&quot;}\" data-widget_type=\"image-box.default\">\n\t\t\t\t\t<div class=\"elementor-image-box-wrapper\"><figure class=\"elementor-image-box-img\"><img fetchpriority=\"high\" decoding=\"async\" width=\"729\" height=\"928\" src=\"https:\/\/aurora-mentis.fr\/wp-content\/uploads\/2025\/11\/Sans-titre45.png\" class=\"attachment-full size-full wp-image-940\" alt=\"\" srcset=\"https:\/\/aurora-mentis.fr\/wp-content\/uploads\/2025\/11\/Sans-titre45.png 729w, https:\/\/aurora-mentis.fr\/wp-content\/uploads\/2025\/11\/Sans-titre45-236x300.png 236w\" sizes=\"(max-width: 729px) 100vw, 729px\" \/><\/figure><div class=\"elementor-image-box-content\"><h3 class=\"elementor-image-box-title\">Penser &amp; \u00e9crire<\/h3><p class=\"elementor-image-box-description\">Structurer, r\u00e9diger et finaliser un travail intellectuel exigeant.\nPour les \u00e9tudiants, doctorants et professionnels qui veulent \u00e9crire avec m\u00e9thode et clart\u00e9 un m\u00e9moire, une th\u00e8se professionnelle ou acad\u00e9mique ou un m\u00e9moire d'expertise comptable (m\u00e9moire DEC).\n<\/p><\/div><\/div>\t\t\t\t<\/div>\n\t\t\t\t<div class=\"elementor-element elementor-element-c824b78 elementor-position-top elementor-invisible elementor-widget elementor-widget-image-box\" data-id=\"c824b78\" data-element_type=\"widget\" data-e-type=\"widget\" data-settings=\"{&quot;_animation&quot;:&quot;zoomIn&quot;,&quot;_animation_delay&quot;:100}\" data-widget_type=\"image-box.default\">\n\t\t\t\t\t<div class=\"elementor-image-box-wrapper\"><figure class=\"elementor-image-box-img\"><img decoding=\"async\" width=\"729\" height=\"928\" src=\"https:\/\/aurora-mentis.fr\/wp-content\/uploads\/2025\/11\/Sans-titre46.png\" class=\"attachment-full size-full wp-image-942\" alt=\"\" srcset=\"https:\/\/aurora-mentis.fr\/wp-content\/uploads\/2025\/11\/Sans-titre46.png 729w, https:\/\/aurora-mentis.fr\/wp-content\/uploads\/2025\/11\/Sans-titre46-236x300.png 236w\" sizes=\"(max-width: 729px) 100vw, 729px\" \/><\/figure><div class=\"elementor-image-box-content\"><h3 class=\"elementor-image-box-title\">Convaincre &amp; r\u00e9ussir<\/h3><p class=\"elementor-image-box-description\">Pr\u00e9parer une parole claire, align\u00e9e et convaincante dans les moments d\u00e9cisifs.\nPour celles et ceux qui passent un oral \u00e0 fort enjeu : concours INSP \/ Grandes \u00e9coles, soutenance, audition, entretien d\u2019\u00e9cole.\n<\/p><\/div><\/div>\t\t\t\t<\/div>\n\t\t\t\t<div class=\"elementor-element elementor-element-438bb44 elementor-position-top elementor-invisible elementor-widget elementor-widget-image-box\" data-id=\"438bb44\" data-element_type=\"widget\" data-e-type=\"widget\" data-settings=\"{&quot;_animation&quot;:&quot;zoomIn&quot;,&quot;_animation_delay&quot;:200}\" data-widget_type=\"image-box.default\">\n\t\t\t\t\t<div class=\"elementor-image-box-wrapper\"><figure class=\"elementor-image-box-img\"><img decoding=\"async\" width=\"729\" height=\"928\" src=\"https:\/\/aurora-mentis.fr\/wp-content\/uploads\/2025\/11\/Sans-titre48.png\" class=\"attachment-full size-full wp-image-947\" alt=\"\" srcset=\"https:\/\/aurora-mentis.fr\/wp-content\/uploads\/2025\/11\/Sans-titre48.png 729w, https:\/\/aurora-mentis.fr\/wp-content\/uploads\/2025\/11\/Sans-titre48-236x300.png 236w\" sizes=\"(max-width: 729px) 100vw, 729px\" \/><\/figure><div class=\"elementor-image-box-content\"><h3 class=\"elementor-image-box-title\">Prendre de la hauteur<\/h3><p class=\"elementor-image-box-description\">Comprendre, formuler et faire reconna\u00eetre sa trajectoire intellectuelle.\nPour les docteurs pr\u00e9sentant leur dossier de qualification de ma\u00eetre de conf\u00e9rences (MCF), les professionnels en repositionnement, ainsi que les candidats pr\u00e9parant un dossier de VAE dans le cadre d\u2019une reconversion ou d\u2019une \u00e9volution de carri\u00e8re.<\/p><\/div><\/div>\t\t\t\t<\/div>\n\t\t\t\t\t<\/div>\n\t\t\t\t<\/div>\n\t\t<div class=\"elementor-element elementor-element-37d657e e-flex e-con-boxed wpr-particle-no wpr-jarallax-no wpr-parallax-no wpr-sticky-section-no wpr-equal-height-no e-con e-parent\" data-id=\"37d657e\" data-element_type=\"container\" data-e-type=\"container\">\n\t\t\t\t\t<div class=\"e-con-inner\">\n\t\t<div class=\"elementor-element elementor-element-e5b3b11 e-flex e-con-boxed wpr-particle-no wpr-jarallax-no wpr-parallax-no wpr-sticky-section-no wpr-equal-height-no elementor-invisible e-con e-child\" data-id=\"e5b3b11\" data-element_type=\"container\" data-e-type=\"container\" data-settings=\"{&quot;animation&quot;:&quot;slideInLeft&quot;}\">\n\t\t\t\t\t<div class=\"e-con-inner\">\n\t\t\t\t<div class=\"elementor-element elementor-element-71bb8a7 elementor-widget elementor-widget-image\" data-id=\"71bb8a7\" data-element_type=\"widget\" data-e-type=\"widget\" data-widget_type=\"image.default\">\n\t\t\t\t\t\t\t\t\t\t\t\t\t\t\t<img loading=\"lazy\" decoding=\"async\" width=\"960\" height=\"960\" src=\"https:\/\/aurora-mentis.fr\/wp-content\/uploads\/2026\/05\/selfie-laurence-1024x1024.png\" class=\"attachment-large size-large wp-image-1381\" alt=\"\" srcset=\"https:\/\/aurora-mentis.fr\/wp-content\/uploads\/2026\/05\/selfie-laurence-1024x1024.png 1024w, https:\/\/aurora-mentis.fr\/wp-content\/uploads\/2026\/05\/selfie-laurence-300x300.png 300w, https:\/\/aurora-mentis.fr\/wp-content\/uploads\/2026\/05\/selfie-laurence-150x150.png 150w, https:\/\/aurora-mentis.fr\/wp-content\/uploads\/2026\/05\/selfie-laurence-768x768.png 768w, https:\/\/aurora-mentis.fr\/wp-content\/uploads\/2026\/05\/selfie-laurence.png 1254w\" sizes=\"(max-width: 960px) 100vw, 960px\" \/>\t\t\t\t\t\t\t\t\t\t\t\t\t\t\t<\/div>\n\t\t\t\t\t<\/div>\n\t\t\t\t<\/div>\n\t\t<div class=\"elementor-element elementor-element-9af76c6 e-flex e-con-boxed wpr-particle-no wpr-jarallax-no wpr-parallax-no wpr-sticky-section-no wpr-equal-height-no elementor-invisible e-con e-child\" data-id=\"9af76c6\" data-element_type=\"container\" data-e-type=\"container\" data-settings=\"{&quot;animation&quot;:&quot;slideInRight&quot;}\">\n\t\t\t\t\t<div class=\"e-con-inner\">\n\t\t\t\t<div class=\"elementor-element elementor-element-0a6b97f elementor-widget elementor-widget-heading\" data-id=\"0a6b97f\" data-element_type=\"widget\" data-e-type=\"widget\" data-widget_type=\"heading.default\">\n\t\t\t\t\t<h2 class=\"elementor-heading-title elementor-size-default\">\u00c0 propos<\/h2>\t\t\t\t<\/div>\n\t\t\t\t<div class=\"elementor-element elementor-element-164d751 elementor-widget elementor-widget-text-editor\" data-id=\"164d751\" data-element_type=\"widget\" data-e-type=\"widget\" data-widget_type=\"text-editor.default\">\n\t\t\t\t\t\t\t\t\t<p><strong>Coach professionnelle certifi\u00e9e \u00b7 Docteure en sciences de gestion \u00b7 Ma\u00eetre de conf\u00e9rences au CNAM<\/strong><\/p><p>Laurence Morgana accompagne depuis plus de quinze ans les \u00e9tudiants, doctorants, professionnels du chiffre et agents publics dans la structuration de leurs travaux, la clart\u00e9 de leurs id\u00e9es et l\u2019affirmation de leur posture manag\u00e9riale.<\/p><p>Auteure du manuel <a href=\"https:\/\/www.vuibert.fr\/livre\/9782311414615-mon-coach-en-dcg-9-comptabilite-2025-2026\"><em>Mon Coach DCG 9 \u2013 Comptabilit\u00e9<\/em> (Vuibert)<\/a>, elle forme chaque ann\u00e9e les fili\u00e8res Comptabilit\u00e9-Contr\u00f4le-Audit (CCA) et accompagne les parcours exigeants de la profession comptable, du DCG au m\u00e9moire du DEC.<\/p><p>Elle a \u00e9t\u00e9 rapportrice au <strong>Conseil national des universit\u00e9s (CNU)<\/strong>, o\u00f9 elle a particip\u00e9 \u00e0 l\u2019\u00e9valuation des dossiers de qualification et des carri\u00e8res acad\u00e9miques des ma\u00eetres de conf\u00e9rences.<\/p><p>Administratrice de l\u2019\u00c9tat puis coach interne <strong>au minist\u00e8re de l\u2019\u00c9conomie et des Finances<\/strong>, elle a exerc\u00e9 des fonctions d\u2019experte en normes comptables publiques et accompagn\u00e9 de nombreux cadres et hauts potentiels dans leurs \u00e9volutions professionnelles et la pr\u00e9paration d\u2019oraux \u00e0 fort enjeu (INSP, auditions, soutenances). Elle continue aujourd\u2019hui d\u2019intervenir au sein du r\u00e9seau interminist\u00e9riel des coachs.<\/p><p>Elle est \u00e9galement <strong data-start=\"1401\" data-end=\"1464\">auteure de plusieurs articles et communications acad\u00e9miques<\/strong>, publi\u00e9s dans des revues en sciences de gestion, disponibles sur son <a href=\"https:\/\/cv.hal.science\/laurence-morgana\"><strong data-start=\"1547\" data-end=\"1565\">profil HAL<\/strong><\/a> (archives ouvertes).<\/p><p><strong data-start=\"1434\" data-end=\"1468\">Aujourd\u2019hui, elle accompagne :<\/strong><\/p><ul><li>m\u00e9moire DEC (dipl\u00f4me d&rsquo;expertise-comptable) &amp; VAE des m\u00e9tiers du chiffre,<\/li><li>oraux INSP &amp; Grandes \u00e9coles, auditions &amp; concours,<\/li><li>dossiers de qualification MCF (ma\u00eetre de conf\u00e9rences) &amp; projets acad\u00e9miques,<\/li><li>transitions professionnelles,<\/li><li>\u00e9criture acad\u00e9mique avanc\u00e9e (th\u00e8se, DBA).<\/li><\/ul><blockquote data-start=\"1222\" data-end=\"1328\"><p data-start=\"1224\" data-end=\"1328\"><em>Une expertise reconnue, un regard exigeant, une m\u00e9thode qui donne de la clart\u00e9 \u00e0 ce qui compte vraiment.<\/em><\/p><\/blockquote>\t\t\t\t\t\t\t\t<\/div>\n\t\t\t\t\t<\/div>\n\t\t\t\t<\/div>\n\t\t\t\t\t<\/div>\n\t\t\t\t<\/div>\n\t\t\t\t<\/div>\n\t\t","protected":false},"excerpt":{"rendered":"<p>Aurora Mentis Coaching individuel Pr\u00e9paration concours M\u00e9moire, th\u00e8se, DEC Penser &amp; \u00e9crire Structurer, r\u00e9diger et finaliser un travail intellectuel exigeant. Pour les \u00e9tudiants, doctorants et professionnels qui veulent \u00e9crire avec m\u00e9thode et clart\u00e9 un m\u00e9moire, une th\u00e8se professionnelle ou acad\u00e9mique ou un m\u00e9moire d&rsquo;expertise comptable (m\u00e9moire DEC). Convaincre &amp; r\u00e9ussir Pr\u00e9parer une parole claire, align\u00e9e et convaincante dans les moments d\u00e9cisifs. Pour celles et ceux qui passent un oral \u00e0 fort enjeu : concours INSP \/ Grandes \u00e9coles, soutenance, audition, entretien d\u2019\u00e9cole. Prendre de la hauteur Comprendre, formuler et faire reconna\u00eetre sa trajectoire intellectuelle. Pour les docteurs pr\u00e9sentant leur dossier de qualification de ma\u00eetre de conf\u00e9rences (MCF), les professionnels en repositionnement, ainsi que les candidats pr\u00e9parant un dossier de VAE dans le cadre d\u2019une reconversion ou d\u2019une \u00e9volution de carri\u00e8re. \u00c0 propos Coach professionnelle certifi\u00e9e \u00b7 Docteure en sciences de gestion \u00b7 Ma\u00eetre de conf\u00e9rences au CNAM Laurence Morgana accompagne depuis plus de quinze ans les \u00e9tudiants, doctorants, professionnels du chiffre et agents publics dans la structuration de leurs travaux, la clart\u00e9 de leurs id\u00e9es et l\u2019affirmation de leur posture manag\u00e9riale. Auteure du manuel Mon Coach DCG 9 \u2013 Comptabilit\u00e9 (Vuibert), elle forme chaque ann\u00e9e les fili\u00e8res Comptabilit\u00e9-Contr\u00f4le-Audit (CCA) et accompagne les parcours exigeants de la profession comptable, du DCG au m\u00e9moire du DEC. Elle a \u00e9t\u00e9 rapportrice au Conseil national des universit\u00e9s (CNU), o\u00f9 elle a particip\u00e9 \u00e0 l\u2019\u00e9valuation des dossiers de qualification et des carri\u00e8res acad\u00e9miques des ma\u00eetres de conf\u00e9rences. Administratrice de l\u2019\u00c9tat puis coach interne au minist\u00e8re de l\u2019\u00c9conomie et des Finances, elle a exerc\u00e9 des fonctions d\u2019experte en normes comptables publiques et accompagn\u00e9 de nombreux cadres et hauts potentiels dans leurs \u00e9volutions professionnelles et la pr\u00e9paration d\u2019oraux \u00e0 fort enjeu (INSP, auditions, soutenances). Elle continue aujourd\u2019hui d\u2019intervenir au sein du r\u00e9seau interminist\u00e9riel des coachs. Elle est \u00e9galement auteure de plusieurs articles et communications acad\u00e9miques, publi\u00e9s dans des revues en sciences de gestion, disponibles sur son profil HAL (archives ouvertes). Aujourd\u2019hui, elle accompagne : m\u00e9moire DEC (dipl\u00f4me d&rsquo;expertise-comptable) &amp; VAE des m\u00e9tiers du chiffre, oraux INSP &amp; Grandes \u00e9coles, auditions &amp; concours, dossiers de qualification MCF (ma\u00eetre de conf\u00e9rences) &amp; projets acad\u00e9miques, transitions professionnelles, \u00e9criture acad\u00e9mique avanc\u00e9e (th\u00e8se, DBA). Une expertise reconnue, un regard exigeant, une m\u00e9thode qui donne de la clart\u00e9 \u00e0 ce qui compte vraiment.<\/p>\n","protected":false},"author":1,"featured_media":0,"parent":0,"menu_order":0,"comment_status":"closed","ping_status":"closed","template":"","meta":{"footnotes":""},"class_list":["post-894","page","type-page","status-publish","hentry"],"yoast_head":"<!-- This site is optimized with the Yoast SEO plugin v27.5 - https:\/\/yoast.com\/product\/yoast-seo-wordpress\/ -->\n<title>Aurora Mentis - Coaching m\u00e9moire DEC, th\u00e8se &amp; oraux concours INSP grandes \u00e9coles, VAE - Laurence Morgana<\/title>\n<meta name=\"description\" content=\"Un accompagnement sur mesure pour aider \u00e0 structurer son m\u00e9moire DEC, avancer dans sa th\u00e8se, finaliser son dossier MCF ou VAE, et pr\u00e9parer sereinement ses soutenances et concours \u00e0 fort enjeu.\" \/>\n<meta name=\"robots\" content=\"index, follow, max-snippet:-1, max-image-preview:large, max-video-preview:-1\" \/>\n<link rel=\"canonical\" href=\"https:\/\/aurora-mentis.fr\/\" \/>\n<meta property=\"og:locale\" content=\"fr_FR\" \/>\n<meta property=\"og:type\" content=\"article\" \/>\n<meta property=\"og:title\" content=\"Aurora Mentis - Coaching m\u00e9moire DEC, th\u00e8se &amp; oraux concours INSP grandes \u00e9coles, VAE - Laurence Morgana\" \/>\n<meta property=\"og:description\" content=\"Un accompagnement sur mesure pour aider \u00e0 structurer son m\u00e9moire DEC, avancer dans sa th\u00e8se, finaliser son dossier MCF ou VAE, et pr\u00e9parer sereinement ses soutenances et concours \u00e0 fort enjeu.\" \/>\n<meta property=\"og:url\" content=\"https:\/\/aurora-mentis.fr\/\" \/>\n<meta property=\"og:site_name\" content=\"Aurora Mentis\" \/>\n<meta property=\"article:modified_time\" content=\"2026-05-02T21:10:12+00:00\" \/>\n<meta property=\"og:image\" content=\"https:\/\/aurora-mentis.fr\/wp-content\/uploads\/2025\/11\/Sans-titre45.png\" \/>\n\t<meta property=\"og:image:width\" content=\"729\" \/>\n\t<meta property=\"og:image:height\" content=\"928\" \/>\n\t<meta property=\"og:image:type\" content=\"image\/png\" \/>\n<meta name=\"twitter:card\" content=\"summary_large_image\" \/>\n<meta name=\"twitter:label1\" content=\"Dur\u00e9e de lecture estim\u00e9e\" \/>\n\t<meta name=\"twitter:data1\" content=\"3 minutes\" \/>\n<script type=\"application\/ld+json\" class=\"yoast-schema-graph\">{\"@context\":\"https:\\\/\\\/schema.org\",\"@graph\":[{\"@type\":\"WebPage\",\"@id\":\"https:\\\/\\\/aurora-mentis.fr\\\/\",\"url\":\"https:\\\/\\\/aurora-mentis.fr\\\/\",\"name\":\"Aurora Mentis - Coaching m\u00e9moire DEC, th\u00e8se & oraux concours INSP grandes \u00e9coles, VAE - Laurence Morgana\",\"isPartOf\":{\"@id\":\"https:\\\/\\\/aurora-mentis.fr\\\/#website\"},\"primaryImageOfPage\":{\"@id\":\"https:\\\/\\\/aurora-mentis.fr\\\/#primaryimage\"},\"image\":{\"@id\":\"https:\\\/\\\/aurora-mentis.fr\\\/#primaryimage\"},\"thumbnailUrl\":\"https:\\\/\\\/aurora-mentis.fr\\\/wp-content\\\/uploads\\\/2025\\\/11\\\/Sans-titre45.png\",\"datePublished\":\"2024-05-20T07:54:36+00:00\",\"dateModified\":\"2026-05-02T21:10:12+00:00\",\"description\":\"Un accompagnement sur mesure pour aider \u00e0 structurer son m\u00e9moire DEC, avancer dans sa th\u00e8se, finaliser son dossier MCF ou VAE, et pr\u00e9parer sereinement ses soutenances et concours \u00e0 fort enjeu.\",\"breadcrumb\":{\"@id\":\"https:\\\/\\\/aurora-mentis.fr\\\/#breadcrumb\"},\"inLanguage\":\"fr-FR\",\"potentialAction\":[{\"@type\":\"ReadAction\",\"target\":[\"https:\\\/\\\/aurora-mentis.fr\\\/\"]}]},{\"@type\":\"ImageObject\",\"inLanguage\":\"fr-FR\",\"@id\":\"https:\\\/\\\/aurora-mentis.fr\\\/#primaryimage\",\"url\":\"https:\\\/\\\/aurora-mentis.fr\\\/wp-content\\\/uploads\\\/2025\\\/11\\\/Sans-titre45.png\",\"contentUrl\":\"https:\\\/\\\/aurora-mentis.fr\\\/wp-content\\\/uploads\\\/2025\\\/11\\\/Sans-titre45.png\",\"width\":729,\"height\":928},{\"@type\":\"BreadcrumbList\",\"@id\":\"https:\\\/\\\/aurora-mentis.fr\\\/#breadcrumb\",\"itemListElement\":[{\"@type\":\"ListItem\",\"position\":1,\"name\":\"Home\",\"item\":\"https:\\\/\\\/aurora-mentis.fr\\\/\"},{\"@type\":\"ListItem\",\"position\":2,\"name\":\"Aurora Mentis\"}]},{\"@type\":\"WebSite\",\"@id\":\"https:\\\/\\\/aurora-mentis.fr\\\/#website\",\"url\":\"https:\\\/\\\/aurora-mentis.fr\\\/\",\"name\":\"Aurora Mentis\",\"description\":\"\",\"publisher\":{\"@id\":\"https:\\\/\\\/aurora-mentis.fr\\\/#organization\"},\"potentialAction\":[{\"@type\":\"SearchAction\",\"target\":{\"@type\":\"EntryPoint\",\"urlTemplate\":\"https:\\\/\\\/aurora-mentis.fr\\\/?s={search_term_string}\"},\"query-input\":{\"@type\":\"PropertyValueSpecification\",\"valueRequired\":true,\"valueName\":\"search_term_string\"}}],\"inLanguage\":\"fr-FR\"},{\"@type\":\"Organization\",\"@id\":\"https:\\\/\\\/aurora-mentis.fr\\\/#organization\",\"name\":\"Aurora Mentis\",\"url\":\"https:\\\/\\\/aurora-mentis.fr\\\/\",\"logo\":{\"@type\":\"ImageObject\",\"inLanguage\":\"fr-FR\",\"@id\":\"https:\\\/\\\/aurora-mentis.fr\\\/#\\\/schema\\\/logo\\\/image\\\/\",\"url\":\"https:\\\/\\\/aurora-mentis.fr\\\/wp-content\\\/uploads\\\/2025\\\/11\\\/Sans-titre22.png\",\"contentUrl\":\"https:\\\/\\\/aurora-mentis.fr\\\/wp-content\\\/uploads\\\/2025\\\/11\\\/Sans-titre22.png\",\"width\":1024,\"height\":800,\"caption\":\"Aurora Mentis\"},\"image\":{\"@id\":\"https:\\\/\\\/aurora-mentis.fr\\\/#\\\/schema\\\/logo\\\/image\\\/\"}}]}<\/script>\n<!-- \/ Yoast SEO plugin. -->","yoast_head_json":{"title":"Aurora Mentis - Coaching m\u00e9moire DEC, th\u00e8se & oraux concours INSP grandes \u00e9coles, VAE - Laurence Morgana","description":"Un accompagnement sur mesure pour aider \u00e0 structurer son m\u00e9moire DEC, avancer dans sa th\u00e8se, finaliser son dossier MCF ou VAE, et pr\u00e9parer sereinement ses soutenances et concours \u00e0 fort enjeu.","robots":{"index":"index","follow":"follow","max-snippet":"max-snippet:-1","max-image-preview":"max-image-preview:large","max-video-preview":"max-video-preview:-1"},"canonical":"https:\/\/aurora-mentis.fr\/","og_locale":"fr_FR","og_type":"article","og_title":"Aurora Mentis - Coaching m\u00e9moire DEC, th\u00e8se & oraux concours INSP grandes \u00e9coles, VAE - Laurence Morgana","og_description":"Un accompagnement sur mesure pour aider \u00e0 structurer son m\u00e9moire DEC, avancer dans sa th\u00e8se, finaliser son dossier MCF ou VAE, et pr\u00e9parer sereinement ses soutenances et concours \u00e0 fort enjeu.","og_url":"https:\/\/aurora-mentis.fr\/","og_site_name":"Aurora Mentis","article_modified_time":"2026-05-02T21:10:12+00:00","og_image":[{"width":729,"height":928,"url":"https:\/\/aurora-mentis.fr\/wp-content\/uploads\/2025\/11\/Sans-titre45.png","type":"image\/png"}],"twitter_card":"summary_large_image","twitter_misc":{"Dur\u00e9e de lecture estim\u00e9e":"3 minutes"},"schema":{"@context":"https:\/\/schema.org","@graph":[{"@type":"WebPage","@id":"https:\/\/aurora-mentis.fr\/","url":"https:\/\/aurora-mentis.fr\/","name":"Aurora Mentis - Coaching m\u00e9moire DEC, th\u00e8se & oraux concours INSP grandes \u00e9coles, VAE - Laurence Morgana","isPartOf":{"@id":"https:\/\/aurora-mentis.fr\/#website"},"primaryImageOfPage":{"@id":"https:\/\/aurora-mentis.fr\/#primaryimage"},"image":{"@id":"https:\/\/aurora-mentis.fr\/#primaryimage"},"thumbnailUrl":"https:\/\/aurora-mentis.fr\/wp-content\/uploads\/2025\/11\/Sans-titre45.png","datePublished":"2024-05-20T07:54:36+00:00","dateModified":"2026-05-02T21:10:12+00:00","description":"Un accompagnement sur mesure pour aider \u00e0 structurer son m\u00e9moire DEC, avancer dans sa th\u00e8se, finaliser son dossier MCF ou VAE, et pr\u00e9parer sereinement ses soutenances et concours \u00e0 fort enjeu.","breadcrumb":{"@id":"https:\/\/aurora-mentis.fr\/#breadcrumb"},"inLanguage":"fr-FR","potentialAction":[{"@type":"ReadAction","target":["https:\/\/aurora-mentis.fr\/"]}]},{"@type":"ImageObject","inLanguage":"fr-FR","@id":"https:\/\/aurora-mentis.fr\/#primaryimage","url":"https:\/\/aurora-mentis.fr\/wp-content\/uploads\/2025\/11\/Sans-titre45.png","contentUrl":"https:\/\/aurora-mentis.fr\/wp-content\/uploads\/2025\/11\/Sans-titre45.png","width":729,"height":928},{"@type":"BreadcrumbList","@id":"https:\/\/aurora-mentis.fr\/#breadcrumb","itemListElement":[{"@type":"ListItem","position":1,"name":"Home","item":"https:\/\/aurora-mentis.fr\/"},{"@type":"ListItem","position":2,"name":"Aurora Mentis"}]},{"@type":"WebSite","@id":"https:\/\/aurora-mentis.fr\/#website","url":"https:\/\/aurora-mentis.fr\/","name":"Aurora Mentis","description":"","publisher":{"@id":"https:\/\/aurora-mentis.fr\/#organization"},"potentialAction":[{"@type":"SearchAction","target":{"@type":"EntryPoint","urlTemplate":"https:\/\/aurora-mentis.fr\/?s={search_term_string}"},"query-input":{"@type":"PropertyValueSpecification","valueRequired":true,"valueName":"search_term_string"}}],"inLanguage":"fr-FR"},{"@type":"Organization","@id":"https:\/\/aurora-mentis.fr\/#organization","name":"Aurora Mentis","url":"https:\/\/aurora-mentis.fr\/","logo":{"@type":"ImageObject","inLanguage":"fr-FR","@id":"https:\/\/aurora-mentis.fr\/#\/schema\/logo\/image\/","url":"https:\/\/aurora-mentis.fr\/wp-content\/uploads\/2025\/11\/Sans-titre22.png","contentUrl":"https:\/\/aurora-mentis.fr\/wp-content\/uploads\/2025\/11\/Sans-titre22.png","width":1024,"height":800,"caption":"Aurora Mentis"},"image":{"@id":"https:\/\/aurora-mentis.fr\/#\/schema\/logo\/image\/"}}]}},"_links":{"self":[{"href":"https:\/\/aurora-mentis.fr\/index.php\/wp-json\/wp\/v2\/pages\/894","targetHints":{"allow":["GET"]}}],"collection":[{"href":"https:\/\/aurora-mentis.fr\/index.php\/wp-json\/wp\/v2\/pages"}],"about":[{"href":"https:\/\/aurora-mentis.fr\/index.php\/wp-json\/wp\/v2\/types\/page"}],"author":[{"embeddable":true,"href":"https:\/\/aurora-mentis.fr\/index.php\/wp-json\/wp\/v2\/users\/1"}],"replies":[{"embeddable":true,"href":"https:\/\/aurora-mentis.fr\/index.php\/wp-json\/wp\/v2\/comments?post=894"}],"version-history":[{"count":105,"href":"https:\/\/aurora-mentis.fr\/index.php\/wp-json\/wp\/v2\/pages\/894\/revisions"}],"predecessor-version":[{"id":1392,"href":"https:\/\/aurora-mentis.fr\/index.php\/wp-json\/wp\/v2\/pages\/894\/revisions\/1392"}],"wp:attachment":[{"href":"https:\/\/aurora-mentis.fr\/index.php\/wp-json\/wp\/v2\/media?parent=894"}],"curies":[{"name":"wp","href":"https:\/\/api.w.org\/{rel}","templated":true}]}}